{"id":905,"date":"2020-04-17T14:44:23","date_gmt":"2020-04-17T11:44:23","guid":{"rendered":"https:\/\/nordprofiil.ee\/?page_id=905"},"modified":"2020-04-18T01:36:06","modified_gmt":"2020-04-17T22:36:06","slug":"homepage","status":"publish","type":"page","link":"https:\/\/nordprofiil.ee\/en\/","title":{"rendered":"Homepage"},"content":{"rendered":"<p>[et_pb_section fb_built=&#8221;1&#8243; fullwidth=&#8221;on&#8221; _builder_version=&#8221;4.4.2&#8243;][et_pb_fullwidth_slider _builder_version=&#8221;4.4.3&#8243; height=&#8221;600px&#8221; auto=&#8221;on&#8221; auto_speed=&#8221;6000&#8243; auto_ignore_hover=&#8221;on&#8221; hover_enabled=&#8221;0&#8243;][et_pb_slide heading=&#8221;Aluminium windows&#8221; button_text=&#8221;SHOW&#8221; button_link=&#8221;@ET-DC@eyJkeW5hbWljIjp0cnVlLCJjb250ZW50IjoicG9zdF9saW5rX3VybF9wYWdlIiwic2V0dGluZ3MiOnsicG9zdF9pZCI6IjI2In19@&#8221; _builder_version=&#8221;4.4.3&#8243; _dynamic_attributes=&#8221;button_link&#8221; header_level=&#8221;h2&#8243; header_font=&#8221;|700|||||||&#8221; header_font_size=&#8221;51px&#8221; body_font=&#8221;||||||||&#8221; background_image=&#8221;https:\/\/nordprofiil.ee\/wp-content\/uploads\/2020\/04\/alumiiniumaknad-slaid-200409.jpg&#8221; background_enable_image=&#8221;on&#8221; custom_button=&#8221;on&#8221; button_text_size=&#8221;15px&#8221; button_letter_spacing=&#8221;1px&#8221; button_font=&#8221;|700|||||||&#8221; button_custom_padding=&#8221;16px|32px|16px|32px|true|true&#8221; button_custom_padding_tablet=&#8221;6px|15px|6px|15px|true|true&#8221; button_custom_padding_phone=&#8221;&#8221; button_custom_padding_last_edited=&#8221;on|tablet&#8221; width=&#8221;60%&#8221; width_tablet=&#8221;70%&#8221; width_phone=&#8221;100%&#8221; width_last_edited=&#8221;on|phone&#8221; custom_padding=&#8221;60px||60px||true|false&#8221; header_font_size_tablet=&#8221;30px&#8221; header_font_size_phone=&#8221;&#8221; header_font_size_last_edited=&#8221;on|tablet&#8221; button_text_size_tablet=&#8221;14px&#8221; button_text_size_phone=&#8221;&#8221; button_text_size_last_edited=&#8221;on|tablet&#8221;]<\/p>\n<p>High-quality windows for residential and commercial buildings.<\/p>\n<p>[\/et_pb_slide][et_pb_slide heading=&#8221;Aluminium doors&#8221; button_text=&#8221;SHOW&#8221; button_link=&#8221;@ET-DC@eyJkeW5hbWljIjp0cnVlLCJjb250ZW50IjoicG9zdF9saW5rX3VybF9wYWdlIiwic2V0dGluZ3MiOnsicG9zdF9pZCI6IjE4NSJ9fQ==@&#8221; _builder_version=&#8221;4.4.3&#8243; _dynamic_attributes=&#8221;button_link&#8221; header_level=&#8221;h2&#8243; header_font=&#8221;|700|||||||&#8221; header_font_size=&#8221;51px&#8221; body_font=&#8221;||||||||&#8221; background_image=&#8221;https:\/\/nordprofiil.ee\/wp-content\/uploads\/2020\/04\/alumiiniumuksed-slaid-200409.jpg&#8221; background_enable_image=&#8221;on&#8221; custom_button=&#8221;on&#8221; button_text_size=&#8221;15px&#8221; button_letter_spacing=&#8221;1px&#8221; button_font=&#8221;|700|||||||&#8221; button_custom_padding=&#8221;16px|32px|16px|32px|true|true&#8221; button_custom_padding_tablet=&#8221;6px|15px|6px|15px|true|true&#8221; button_custom_padding_phone=&#8221;&#8221; button_custom_padding_last_edited=&#8221;on|tablet&#8221; width=&#8221;60%&#8221; width_tablet=&#8221;70%&#8221; width_phone=&#8221;100%&#8221; width_last_edited=&#8221;on|phone&#8221; custom_padding=&#8221;60px||60px||true|false&#8221; header_font_size_tablet=&#8221;30px&#8221; header_font_size_phone=&#8221;&#8221; header_font_size_last_edited=&#8221;on|tablet&#8221; background_last_edited=&#8221;on|tablet&#8221; background_image_tablet=&#8221;https:\/\/nordprofiil.ee\/wp-content\/uploads\/2020\/04\/alumiiniumuksed-slaid-200409-1024&#215;683.jpg&#8221; background_enable_image_tablet=&#8221;on&#8221; button_text_size_tablet=&#8221;14px&#8221; button_text_size_phone=&#8221;&#8221; button_text_size_last_edited=&#8221;on|tablet&#8221;]<\/p>\n<p>Durable and maintenance-free doors for residential and commercial buildings.<\/p>\n<p>[\/et_pb_slide][et_pb_slide heading=&#8221;Aluminium lifting-sliding doors&#8221; button_text=&#8221;SHOW&#8221; button_link=&#8221;@ET-DC@eyJkeW5hbWljIjp0cnVlLCJjb250ZW50IjoicG9zdF9saW5rX3VybF9wYWdlIiwic2V0dGluZ3MiOnsicG9zdF9pZCI6IjI0MiJ9fQ==@&#8221; _builder_version=&#8221;4.4.3&#8243; _dynamic_attributes=&#8221;button_link&#8221; header_level=&#8221;h2&#8243; header_font=&#8221;|700|||||||&#8221; header_font_size=&#8221;51px&#8221; body_font=&#8221;||||||||&#8221; background_image=&#8221;https:\/\/nordprofiil.ee\/wp-content\/uploads\/2020\/04\/nord-profiil-tehtud-tood-004.jpg&#8221; background_enable_image=&#8221;on&#8221; custom_button=&#8221;on&#8221; button_text_size=&#8221;15px&#8221; button_letter_spacing=&#8221;1px&#8221; button_font=&#8221;|700|||||||&#8221; button_custom_padding=&#8221;16px|32px|16px|32px|true|true&#8221; button_custom_padding_tablet=&#8221;6px|15px|6px|15px|true|true&#8221; button_custom_padding_phone=&#8221;&#8221; button_custom_padding_last_edited=&#8221;on|tablet&#8221; width=&#8221;60%&#8221; width_tablet=&#8221;70%&#8221; width_phone=&#8221;100%&#8221; width_last_edited=&#8221;on|phone&#8221; custom_padding=&#8221;60px||60px||true|false&#8221; hover_enabled=&#8221;0&#8243; header_font_size_tablet=&#8221;30px&#8221; header_font_size_phone=&#8221;&#8221; header_font_size_last_edited=&#8221;on|tablet&#8221; button_text_size_tablet=&#8221;14px&#8221; button_text_size_phone=&#8221;&#8221; button_text_size_last_edited=&#8221;on|tablet&#8221; background_last_edited=&#8221;on|tablet&#8221; background_image_tablet=&#8221;https:\/\/nordprofiil.ee\/wp-content\/uploads\/2020\/04\/nord-profiil-tehtud-tood-004-1024&#215;681.jpg&#8221; background_enable_image_tablet=&#8221;on&#8221;]<\/p>\n<p>Slim lines, large dimensions and absolute reliability.<\/p>\n<p>[\/et_pb_slide][et_pb_slide heading=&#8221;Fire doors, windows and glass walls&#8221; button_text=&#8221;SHOW&#8221; button_link=&#8221;@ET-DC@eyJkeW5hbWljIjp0cnVlLCJjb250ZW50IjoicG9zdF9saW5rX3VybF9wYWdlIiwic2V0dGluZ3MiOnsicG9zdF9pZCI6IjI5NSJ9fQ==@&#8221; _builder_version=&#8221;4.4.3&#8243; _dynamic_attributes=&#8221;button_link&#8221; header_level=&#8221;h2&#8243; header_font=&#8221;|700|||||||&#8221; header_font_size=&#8221;51px&#8221; body_font=&#8221;||||||||&#8221; background_image=&#8221;https:\/\/nordprofiil.ee\/wp-content\/uploads\/2020\/04\/tuletokke-uks-01.jpg&#8221; background_enable_image=&#8221;on&#8221; custom_button=&#8221;on&#8221; button_text_size=&#8221;15px&#8221; button_letter_spacing=&#8221;1px&#8221; button_font=&#8221;|700|||||||&#8221; button_custom_padding=&#8221;16px|32px|16px|32px|true|true&#8221; button_custom_padding_tablet=&#8221;6px|15px|6px|15px|true|true&#8221; button_custom_padding_phone=&#8221;&#8221; button_custom_padding_last_edited=&#8221;on|tablet&#8221; width=&#8221;60%&#8221; width_tablet=&#8221;70%&#8221; width_phone=&#8221;100%&#8221; width_last_edited=&#8221;on|phone&#8221; custom_padding=&#8221;60px||60px||true|false&#8221; hover_enabled=&#8221;0&#8243; header_font_size_tablet=&#8221;30px&#8221; header_font_size_phone=&#8221;&#8221; header_font_size_last_edited=&#8221;on|tablet&#8221; button_text_size_tablet=&#8221;14px&#8221; button_text_size_phone=&#8221;&#8221; button_text_size_last_edited=&#8221;on|tablet&#8221; background_last_edited=&#8221;on|tablet&#8221; background_image_tablet=&#8221;https:\/\/nordprofiil.ee\/wp-content\/uploads\/2020\/04\/tuletokke-uks-01-1024&#215;576.jpg&#8221; background_enable_image_tablet=&#8221;on&#8221;]<\/p>\n<p>State-of-the-art fireproof solutions meeting fire rating EI15 \u2013 EI120 requirements.<\/p>\n<p>[\/et_pb_slide][et_pb_slide heading=&#8221;Glass facades&#8221; button_text=&#8221;SHOW&#8221; button_link=&#8221;\/klaasfassaadid\/&#8221; _builder_version=&#8221;4.4.3&#8243; header_level=&#8221;h2&#8243; header_font=&#8221;|700|||||||&#8221; header_font_size=&#8221;51px&#8221; body_font=&#8221;||||||||&#8221; background_image=&#8221;https:\/\/nordprofiil.ee\/wp-content\/uploads\/2020\/04\/klaasfassaadid-slide-200415.jpg&#8221; background_enable_image=&#8221;on&#8221; custom_button=&#8221;on&#8221; button_text_size=&#8221;15px&#8221; button_letter_spacing=&#8221;1px&#8221; button_font=&#8221;|700|||||||&#8221; button_custom_padding=&#8221;16px|32px|16px|32px|true|true&#8221; button_custom_padding_tablet=&#8221;6px|15px|6px|15px|true|true&#8221; button_custom_padding_phone=&#8221;&#8221; button_custom_padding_last_edited=&#8221;on|tablet&#8221; width=&#8221;60%&#8221; width_tablet=&#8221;70%&#8221; width_phone=&#8221;100%&#8221; width_last_edited=&#8221;on|phone&#8221; custom_padding=&#8221;60px||60px||true|false&#8221; hover_enabled=&#8221;0&#8243; header_font_size_tablet=&#8221;30px&#8221; header_font_size_phone=&#8221;&#8221; header_font_size_last_edited=&#8221;on|tablet&#8221; button_text_size_tablet=&#8221;14px&#8221; button_text_size_phone=&#8221;&#8221; button_text_size_last_edited=&#8221;on|tablet&#8221; background_last_edited=&#8221;on|tablet&#8221; background_image_tablet=&#8221;https:\/\/nordprofiil.ee\/wp-content\/uploads\/2020\/04\/klaasfassaadid-slide-200415-1024&#215;320.jpg&#8221; background_enable_image_tablet=&#8221;on&#8221;]<\/p>\n<p>The best thermal insulation and unlimited design options in creating large glass surfaces.<\/p>\n<p>[\/et_pb_slide][\/et_pb_fullwidth_slider][\/et_pb_section][et_pb_section fb_built=&#8221;1&#8243; custom_padding_last_edited=&#8221;off|desktop&#8221; admin_label=&#8221;Toote eelised&#8221; _builder_version=&#8221;4.4.2&#8243; background_color=&#8221;#f6f8fa&#8221; custom_padding=&#8221;54px|0px|54px|0px|false|false&#8221; custom_padding_phone=&#8221;50px||50px|&#8221;][et_pb_row _builder_version=&#8221;3.25&#8243; custom_padding=&#8221;27px|0px|0|0px|false|false&#8221;][et_pb_column type=&#8221;4_4&#8243; _builder_version=&#8221;3.25&#8243; custom_padding=&#8221;|||&#8221; custom_padding__hover=&#8221;|||&#8221;][et_pb_testimonial quote_icon_color=&#8221;#084666&#8243; use_icon_font_size=&#8221;on&#8221; icon_font_size=&#8221;45px&#8221; _builder_version=&#8221;4.4.3&#8243; body_font=&#8221;Montserrat||||||||&#8221; use_background_color=&#8221;off&#8221;]<\/p>\n<h2 style=\"text-align: center;\">Custom-made is our standard<\/h2>\n<p>[\/et_pb_testimonial][\/et_pb_column][\/et_pb_row][et_pb_row column_structure=&#8221;1_2,1_2&#8243; _builder_version=&#8221;4.4.3&#8243;][et_pb_column type=&#8221;1_2&#8243; _builder_version=&#8221;4.4.3&#8243;][et_pb_text _builder_version=&#8221;4.4.3&#8243; header_font=&#8221;||||||||&#8221; header_2_font=&#8221;||||||||&#8221; header_3_font=&#8221;||||||||&#8221; header_4_font=&#8221;Montserrat|700||on|||||&#8221; header_4_text_color=&#8221;#4e7c97&#8243; header_4_font_size=&#8221;15px&#8221; header_4_letter_spacing=&#8221;2px&#8221; header_4_line_height=&#8221;1.6em&#8221; max_width=&#8221;600px&#8221; custom_margin=&#8221;|||&#8221; border_width_bottom=&#8221;2px&#8221; border_color_bottom=&#8221;#12eaa6&#8243;]<\/p>\n<h4>Why Us?<\/h4>\n<p>[\/et_pb_text][\/et_pb_column][et_pb_column type=&#8221;1_2&#8243; _builder_version=&#8221;4.4.3&#8243;][\/et_pb_column][\/et_pb_row][et_pb_row column_structure=&#8221;1_4,1_4,1_4,1_4&#8243; use_custom_gutter=&#8221;on&#8221; gutter_width=&#8221;2&#8243; _builder_version=&#8221;4.4.3&#8243; locked=&#8221;off&#8221;][et_pb_column type=&#8221;1_4&#8243; _builder_version=&#8221;3.25&#8243; custom_padding=&#8221;|||&#8221; custom_padding__hover=&#8221;|||&#8221;][et_pb_blurb use_icon=&#8221;on&#8221; font_icon=&#8221;%%166%%&#8221; icon_color=&#8221;#ffffff&#8221; use_icon_font_size=&#8221;on&#8221; icon_font_size=&#8221;60px&#8221; _builder_version=&#8221;4.4.3&#8243; header_font=&#8221;Montserrat||||||||&#8221; body_font=&#8221;Montserrat||||||||&#8221; body_text_color=&#8221;#333333&#8243; body_font_size=&#8221;17px&#8221; body_line_height=&#8221;1.6em&#8221; background_color=&#8221;#d6d6d6&#8243; min_height=&#8221;300px&#8221; custom_padding=&#8221;30px|30px|30px|30px|true|true&#8221;]Teostame t\u00f6id konsultatsioonist ja projekteerimisest soovitud l\u00f5pptulemuseni[\/et_pb_blurb][\/et_pb_column][et_pb_column type=&#8221;1_4&#8243; _builder_version=&#8221;3.25&#8243; custom_padding=&#8221;|||&#8221; custom_padding__hover=&#8221;|||&#8221;][et_pb_blurb use_icon=&#8221;on&#8221; font_icon=&#8221;%%151%%&#8221; icon_color=&#8221;#ffffff&#8221; use_icon_font_size=&#8221;on&#8221; icon_font_size=&#8221;60px&#8221; _builder_version=&#8221;4.4.3&#8243; header_font=&#8221;Montserrat||||||||&#8221; body_font=&#8221;Montserrat||||||||&#8221; body_text_color=&#8221;#ffffff&#8221; body_font_size=&#8221;17px&#8221; body_line_height=&#8221;1.6em&#8221; background_color=&#8221;#4e7c97&#8243; min_height=&#8221;300px&#8221; custom_padding=&#8221;30px|30px|30px|30px|true|true&#8221;]Hinnatud ja professionaalsed koost\u00f6\u00f6partnerid[\/et_pb_blurb][\/et_pb_column][et_pb_column type=&#8221;1_4&#8243; _builder_version=&#8221;3.25&#8243; custom_padding=&#8221;|||&#8221; custom_padding__hover=&#8221;|||&#8221;][et_pb_blurb use_icon=&#8221;on&#8221; font_icon=&#8221;%%49%%&#8221; icon_color=&#8221;#ffffff&#8221; use_icon_font_size=&#8221;on&#8221; icon_font_size=&#8221;60px&#8221; _builder_version=&#8221;4.4.3&#8243; header_font=&#8221;Montserrat||||||||&#8221; body_font=&#8221;Montserrat||||||||&#8221; body_text_color=&#8221;#333333&#8243; body_font_size=&#8221;17px&#8221; body_line_height=&#8221;1.6em&#8221; background_color=&#8221;#d6d6d6&#8243; min_height=&#8221;300px&#8221; custom_padding=&#8221;30px|30px|30px|30px|true|true&#8221;]Kasutame k\u00f5ige kvaliteetsemaid profiilis\u00fcsteeme[\/et_pb_blurb][\/et_pb_column][et_pb_column type=&#8221;1_4&#8243; _builder_version=&#8221;3.25&#8243; custom_padding=&#8221;|||&#8221; custom_padding__hover=&#8221;|||&#8221;][et_pb_blurb use_icon=&#8221;on&#8221; font_icon=&#8221;%%111%%&#8221; icon_color=&#8221;#ffffff&#8221; use_icon_font_size=&#8221;on&#8221; icon_font_size=&#8221;60px&#8221; _builder_version=&#8221;4.4.3&#8243; header_font=&#8221;Montserrat||||||||&#8221; body_font=&#8221;Montserrat||||||||&#8221; body_text_color=&#8221;#ffffff&#8221; body_font_size=&#8221;17px&#8221; body_line_height=&#8221;1.6em&#8221; background_color=&#8221;#4e7c97&#8243; min_height=&#8221;300px&#8221; custom_padding=&#8221;30px|30px|30px|30px|true|true&#8221;]10 aastat kogemust avat\u00e4idete tootmises[\/et_pb_blurb][\/et_pb_column][\/et_pb_row][\/et_pb_section]<\/p>\n","protected":false},"excerpt":{"rendered":"<p>High-quality windows for residential and commercial buildings.Durable and maintenance-free doors for residential and commercial buildings.Slim lines, large dimensions and absolute reliability.State-of-the-art fireproof solutions meeting fire rating EI15 \u2013 EI120 requirements.The best thermal insulation and unlimited design options in creating large glass surfaces.Custom-made is our standardWhy Us?Teostame t\u00f6id konsultatsioonist ja projekteerimisest soovitud l\u00f5pptulemuseniHinnatud ja professionaalsed koost\u00f6\u00f6partneridKasutame [&hellip;]<\/p>\n","protected":false},"author":1,"featured_media":0,"parent":0,"menu_order":0,"comment_status":"closed","ping_status":"closed","template":"","meta":{"_et_pb_use_builder":"on","_et_pb_old_content":"","_et_gb_content_width":"","footnotes":""},"class_list":["post-905","page","type-page","status-publish","hentry"],"yoast_head":"<!-- This site is optimized with the Yoast SEO plugin v27.6 - https:\/\/yoast.com\/product\/yoast-seo-wordpress\/ -->\n<title>Homepage - Nordprofiil<\/title>\n<meta name=\"robots\" content=\"index, follow, max-snippet:-1, max-image-preview:large, max-video-preview:-1\" \/>\n<link rel=\"canonical\" href=\"https:\/\/nordprofiil.ee\/en\/\" \/>\n<meta property=\"og:locale\" content=\"en_US\" \/>\n<meta property=\"og:type\" content=\"article\" \/>\n<meta property=\"og:title\" content=\"Homepage - Nordprofiil\" \/>\n<meta property=\"og:description\" content=\"High-quality windows for residential and commercial buildings.Durable and maintenance-free doors for residential and commercial buildings.Slim lines, large dimensions and absolute reliability.State-of-the-art fireproof solutions meeting fire rating EI15 \u2013 EI120 requirements.The best thermal insulation and unlimited design options in creating large glass surfaces.Custom-made is our standardWhy Us?Teostame t\u00f6id konsultatsioonist ja projekteerimisest soovitud l\u00f5pptulemuseniHinnatud ja professionaalsed koost\u00f6\u00f6partneridKasutame [&hellip;]\" \/>\n<meta property=\"og:url\" content=\"https:\/\/nordprofiil.ee\/en\/\" \/>\n<meta property=\"og:site_name\" content=\"Nordprofiil\" \/>\n<meta property=\"article:modified_time\" content=\"2020-04-17T22:36:06+00:00\" \/>\n<meta name=\"twitter:card\" content=\"summary_large_image\" \/>\n<meta name=\"twitter:label1\" content=\"Est. reading time\" \/>\n\t<meta name=\"twitter:data1\" content=\"7 minutes\" \/>\n<script type=\"application\/ld+json\" class=\"yoast-schema-graph\">{\"@context\":\"https:\\\/\\\/schema.org\",\"@graph\":[{\"@type\":\"WebPage\",\"@id\":\"https:\\\/\\\/nordprofiil.ee\\\/en\\\/\",\"url\":\"https:\\\/\\\/nordprofiil.ee\\\/en\\\/\",\"name\":\"Homepage - Nordprofiil\",\"isPartOf\":{\"@id\":\"https:\\\/\\\/nordprofiil.ee\\\/en\\\/#website\"},\"datePublished\":\"2020-04-17T11:44:23+00:00\",\"dateModified\":\"2020-04-17T22:36:06+00:00\",\"breadcrumb\":{\"@id\":\"https:\\\/\\\/nordprofiil.ee\\\/en\\\/#breadcrumb\"},\"inLanguage\":\"en-US\",\"potentialAction\":[{\"@type\":\"ReadAction\",\"target\":[\"https:\\\/\\\/nordprofiil.ee\\\/en\\\/\"]}]},{\"@type\":\"BreadcrumbList\",\"@id\":\"https:\\\/\\\/nordprofiil.ee\\\/en\\\/#breadcrumb\",\"itemListElement\":[{\"@type\":\"ListItem\",\"position\":1,\"name\":\"Home\",\"item\":\"https:\\\/\\\/nordprofiil.ee\\\/en\\\/\"},{\"@type\":\"ListItem\",\"position\":2,\"name\":\"Homepage\"}]},{\"@type\":\"WebSite\",\"@id\":\"https:\\\/\\\/nordprofiil.ee\\\/en\\\/#website\",\"url\":\"https:\\\/\\\/nordprofiil.ee\\\/en\\\/\",\"name\":\"Nordprofiil\",\"description\":\"Alumiiniumaknad ja -uksed\",\"potentialAction\":[{\"@type\":\"SearchAction\",\"target\":{\"@type\":\"EntryPoint\",\"urlTemplate\":\"https:\\\/\\\/nordprofiil.ee\\\/en\\\/?s={search_term_string}\"},\"query-input\":{\"@type\":\"PropertyValueSpecification\",\"valueRequired\":true,\"valueName\":\"search_term_string\"}}],\"inLanguage\":\"en-US\"}]}<\/script>\n<!-- \/ Yoast SEO plugin. -->","yoast_head_json":{"title":"Homepage - Nordprofiil","robots":{"index":"index","follow":"follow","max-snippet":"max-snippet:-1","max-image-preview":"max-image-preview:large","max-video-preview":"max-video-preview:-1"},"canonical":"https:\/\/nordprofiil.ee\/en\/","og_locale":"en_US","og_type":"article","og_title":"Homepage - Nordprofiil","og_description":"High-quality windows for residential and commercial buildings.Durable and maintenance-free doors for residential and commercial buildings.Slim lines, large dimensions and absolute reliability.State-of-the-art fireproof solutions meeting fire rating EI15 \u2013 EI120 requirements.The best thermal insulation and unlimited design options in creating large glass surfaces.Custom-made is our standardWhy Us?Teostame t\u00f6id konsultatsioonist ja projekteerimisest soovitud l\u00f5pptulemuseniHinnatud ja professionaalsed koost\u00f6\u00f6partneridKasutame [&hellip;]","og_url":"https:\/\/nordprofiil.ee\/en\/","og_site_name":"Nordprofiil","article_modified_time":"2020-04-17T22:36:06+00:00","twitter_card":"summary_large_image","twitter_misc":{"Est. reading time":"7 minutes"},"schema":{"@context":"https:\/\/schema.org","@graph":[{"@type":"WebPage","@id":"https:\/\/nordprofiil.ee\/en\/","url":"https:\/\/nordprofiil.ee\/en\/","name":"Homepage - Nordprofiil","isPartOf":{"@id":"https:\/\/nordprofiil.ee\/en\/#website"},"datePublished":"2020-04-17T11:44:23+00:00","dateModified":"2020-04-17T22:36:06+00:00","breadcrumb":{"@id":"https:\/\/nordprofiil.ee\/en\/#breadcrumb"},"inLanguage":"en-US","potentialAction":[{"@type":"ReadAction","target":["https:\/\/nordprofiil.ee\/en\/"]}]},{"@type":"BreadcrumbList","@id":"https:\/\/nordprofiil.ee\/en\/#breadcrumb","itemListElement":[{"@type":"ListItem","position":1,"name":"Home","item":"https:\/\/nordprofiil.ee\/en\/"},{"@type":"ListItem","position":2,"name":"Homepage"}]},{"@type":"WebSite","@id":"https:\/\/nordprofiil.ee\/en\/#website","url":"https:\/\/nordprofiil.ee\/en\/","name":"Nordprofiil","description":"Alumiiniumaknad ja -uksed","potentialAction":[{"@type":"SearchAction","target":{"@type":"EntryPoint","urlTemplate":"https:\/\/nordprofiil.ee\/en\/?s={search_term_string}"},"query-input":{"@type":"PropertyValueSpecification","valueRequired":true,"valueName":"search_term_string"}}],"inLanguage":"en-US"}]}},"_links":{"self":[{"href":"https:\/\/nordprofiil.ee\/en\/wp-json\/wp\/v2\/pages\/905","targetHints":{"allow":["GET"]}}],"collection":[{"href":"https:\/\/nordprofiil.ee\/en\/wp-json\/wp\/v2\/pages"}],"about":[{"href":"https:\/\/nordprofiil.ee\/en\/wp-json\/wp\/v2\/types\/page"}],"author":[{"embeddable":true,"href":"https:\/\/nordprofiil.ee\/en\/wp-json\/wp\/v2\/users\/1"}],"replies":[{"embeddable":true,"href":"https:\/\/nordprofiil.ee\/en\/wp-json\/wp\/v2\/comments?post=905"}],"version-history":[{"count":9,"href":"https:\/\/nordprofiil.ee\/en\/wp-json\/wp\/v2\/pages\/905\/revisions"}],"predecessor-version":[{"id":1155,"href":"https:\/\/nordprofiil.ee\/en\/wp-json\/wp\/v2\/pages\/905\/revisions\/1155"}],"wp:attachment":[{"href":"https:\/\/nordprofiil.ee\/en\/wp-json\/wp\/v2\/media?parent=905"}],"curies":[{"name":"wp","href":"https:\/\/api.w.org\/{rel}","templated":true}]}}