{"id":891,"date":"2020-04-17T14:36:17","date_gmt":"2020-04-17T11:36:17","guid":{"rendered":"https:\/\/nordprofiil.ee\/?page_id=891"},"modified":"2020-04-17T21:38:55","modified_gmt":"2020-04-17T18:38:55","slug":"about-us","status":"publish","type":"page","link":"https:\/\/nordprofiil.ee\/en\/about-us\/","title":{"rendered":"About us"},"content":{"rendered":"<p>[et_pb_section fb_built=&#8221;1&#8243; admin_label=&#8221;Hero&#8221; _builder_version=&#8221;4.4.3&#8243; background_color=&#8221;rgba(0,0,0,0)&#8221; use_background_color_gradient=&#8221;on&#8221; background_color_gradient_start=&#8221;#002e4f&#8221; background_color_gradient_end=&#8221;rgba(8,70,102,0.8)&#8221; background_color_gradient_direction=&#8221;170deg&#8221; background_image=&#8221;https:\/\/nordprofiil.ee\/wp-content\/uploads\/2020\/04\/ettevottest-tunnuspilt-200415.jpg&#8221; custom_padding=&#8221;|||&#8221; filter_saturate=&#8221;97%&#8221;][et_pb_row _builder_version=&#8221;3.25&#8243; background_size=&#8221;initial&#8221; background_position=&#8221;top_left&#8221; background_repeat=&#8221;repeat&#8221; custom_padding=&#8221;27px|0px|27px|0px|false|false&#8221;][et_pb_column type=&#8221;4_4&#8243; _builder_version=&#8221;3.25&#8243; custom_padding=&#8221;|||&#8221; custom_padding__hover=&#8221;|||&#8221;][et_pb_text _builder_version=&#8221;4.4.2&#8243; text_font=&#8221;||||||||&#8221; text_font_size=&#8221;20px&#8221; text_line_height=&#8221;1.8em&#8221; header_font=&#8221;Open Sans|800|||||||&#8221; header_font_size=&#8221;60px&#8221; header_line_height=&#8221;1.3em&#8221; background_layout=&#8221;dark&#8221; custom_margin=&#8221;|||&#8221; header_font_size_tablet=&#8221;50px&#8221; header_font_size_phone=&#8221;30px&#8221; header_font_size_last_edited=&#8221;on|phone&#8221; header_line_height_tablet=&#8221;&#8221; header_line_height_phone=&#8221;&#8221; header_line_height_last_edited=&#8221;on|phone&#8221; background_size=&#8221;initial&#8221; background_position=&#8221;top_left&#8221; background_repeat=&#8221;repeat&#8221; text_text_shadow_style=&#8221;preset5&#8243;]<\/p>\n<h1>Ettev\u00f5ttest<\/h1>\n<p>[\/et_pb_text][\/et_pb_column][\/et_pb_row][\/et_pb_section][et_pb_section fb_built=&#8221;1&#8243; admin_label=&#8221;Toote kirjeldus&#8221; _builder_version=&#8221;4.4.2&#8243;][et_pb_row column_structure=&#8221;1_2,1_2&#8243; _builder_version=&#8221;3.25&#8243; max_width=&#8221;1280px&#8221; use_custom_width=&#8221;on&#8221; custom_width_px=&#8221;1280px&#8221;][et_pb_column type=&#8221;1_2&#8243; _builder_version=&#8221;3.25&#8243; custom_padding=&#8221;|||&#8221; custom_padding__hover=&#8221;|||&#8221;][et_pb_text _builder_version=&#8221;4.4.3&#8243; text_font=&#8221;||||||||&#8221; text_font_size=&#8221;16px&#8221; text_line_height=&#8221;2em&#8221; header_font=&#8221;||||||||&#8221; header_2_font=&#8221;Montserrat|800|||||||&#8221; header_2_font_size=&#8221;30px&#8221; header_2_line_height=&#8221;1.5em&#8221; header_3_font=&#8221;||||||||&#8221; header_4_font=&#8221;||||||||&#8221; max_width_tablet=&#8221;700px&#8221; max_width_phone=&#8221;700px&#8221; max_width_last_edited=&#8221;off|desktop&#8221; custom_margin=&#8221;|||&#8221; custom_margin_tablet=&#8221;|0px||&#8221; custom_margin_phone=&#8221;|0px||&#8221; custom_margin_last_edited=&#8221;off|desktop&#8221; custom_padding=&#8221;20px|||&#8221; header_2_font_size_tablet=&#8221;30px&#8221; header_2_font_size_phone=&#8221;20px&#8221; header_2_font_size_last_edited=&#8221;on|phone&#8221; border_color_all=&#8221;#12eaa6&#8243; border_width_top=&#8221;2px&#8221; locked=&#8221;off&#8221;]<\/p>\n<p>Nordprofiil O\u00dc tegeleb klaas-alumiinium konstruktsioonide tootmise ja paigaldamisega. Meie meeskonnal on selles valdkonnas pikaaegsed kogemused. Toodete valmistamisel kasutame vaid k\u00f5ige uudsemaid ja kvaliteetsemaid materjale. Pakume l\u00f5pptarbijale kvaliteetset teenust konsultatsioonist ja projekteerimisest soovitud l\u00f5pptulemuseni. Kasutame t\u00e4nap\u00e4evaseid alumiiniumprofiilide t\u00f6\u00f6tlemiseks m\u00f5eldud seadmeid, mille abil saame teha ka v\u00e4ga keerukaid t\u00f6id.<\/p>\n<p>[\/et_pb_text][\/et_pb_column][et_pb_column type=&#8221;1_2&#8243; _builder_version=&#8221;3.25&#8243; custom_padding=&#8221;|||&#8221; custom_padding__hover=&#8221;|||&#8221;][et_pb_image src=&#8221;https:\/\/nordprofiil.ee\/wp-content\/uploads\/2020\/04\/nordprofiil-tootmine-200413-1024&#215;683.jpg&#8221; show_in_lightbox=&#8221;on&#8221; disabled_on=&#8221;on|on|off&#8221; _builder_version=&#8221;4.4.2&#8243;][\/et_pb_image][\/et_pb_column][\/et_pb_row][\/et_pb_section][et_pb_section fb_built=&#8221;1&#8243; custom_padding_last_edited=&#8221;off|desktop&#8221; admin_label=&#8221;Toote eelised&#8221; _builder_version=&#8221;4.4.2&#8243; background_color=&#8221;#f6f8fa&#8221; custom_padding=&#8221;54px|0px|54px|0px|false|false&#8221; custom_padding_phone=&#8221;50px||50px|&#8221;][et_pb_row column_structure=&#8221;1_2,1_2&#8243; use_custom_gutter=&#8221;on&#8221; gutter_width=&#8221;2&#8243; _builder_version=&#8221;3.25&#8243; locked=&#8221;off&#8221;][et_pb_column type=&#8221;1_2&#8243; _builder_version=&#8221;3.25&#8243; custom_padding=&#8221;|||&#8221; custom_padding__hover=&#8221;|||&#8221;][et_pb_text _builder_version=&#8221;4.4.2&#8243; text_font=&#8221;||||||||&#8221; text_font_size=&#8221;16px&#8221; text_line_height=&#8221;2em&#8221; header_font=&#8221;||||||||&#8221; header_3_font=&#8221;Open Sans|700|||||||&#8221; header_3_line_height=&#8221;1.6em&#8221; background_color=&#8221;#4e7c97&#8243; background_layout=&#8221;dark&#8221; custom_margin=&#8221;|||&#8221; custom_padding=&#8221;30px|30px|30px|30px|true|true&#8221; animation_style=&#8221;fold&#8221; animation_direction=&#8221;top&#8221;]<\/p>\n<h3>Meie missioon<\/h3>\n<p>Muudame Teie unistuste ruumid reaalsuseks meie klaas-alumiinium lahendustega.<\/p>\n<p>[\/et_pb_text][\/et_pb_column][et_pb_column type=&#8221;1_2&#8243; _builder_version=&#8221;3.25&#8243; custom_padding=&#8221;|||&#8221; custom_padding__hover=&#8221;|||&#8221;][et_pb_text _builder_version=&#8221;4.4.3&#8243; text_font=&#8221;||||||||&#8221; text_font_size=&#8221;16px&#8221; text_line_height=&#8221;2em&#8221; header_font=&#8221;||||||||&#8221; header_3_font=&#8221;Open Sans|700|||||||&#8221; header_3_line_height=&#8221;1.6em&#8221; background_color=&#8221;#4e7c97&#8243; background_layout=&#8221;dark&#8221; custom_margin=&#8221;|||&#8221; custom_padding=&#8221;30px|30px|30px|30px|true|true&#8221; animation_style=&#8221;fold&#8221; animation_direction=&#8221;top&#8221;]<\/p>\n<h3>Meie visioon<\/h3>\n<p>Soovime oma toodete l\u00e4bipaistvuse, kerguse ja eluj\u00f5uga olla inspiratsiooniks. Nordprofiili eesm\u00e4rk on m\u00f5jutada p\u00f5nevate klaasimislahendustega arhitektuuri k\u00f5ikjal P\u00f5hjamaades ja Baltikumis.<\/p>\n<p>[\/et_pb_text][\/et_pb_column][\/et_pb_row][\/et_pb_section][et_pb_section fb_built=&#8221;1&#8243; _builder_version=&#8221;4.4.2&#8243;][et_pb_row column_structure=&#8221;1_2,1_2&#8243; _builder_version=&#8221;3.25&#8243; max_width=&#8221;1280px&#8221; use_custom_width=&#8221;on&#8221; custom_width_px=&#8221;1280px&#8221;][et_pb_column type=&#8221;1_2&#8243; _builder_version=&#8221;3.25&#8243; custom_padding=&#8221;|||&#8221; custom_padding__hover=&#8221;|||&#8221;][et_pb_text admin_label=&#8221;Ilmastikukindel&#8221; _builder_version=&#8221;4.4.2&#8243; text_font=&#8221;||||||||&#8221; text_text_color=&#8221;#333333&#8243; text_font_size=&#8221;16px&#8221; text_line_height=&#8221;2em&#8221; header_font=&#8221;||||||||&#8221; header_text_color=&#8221;#333333&#8243; header_2_font=&#8221;Montserrat|800||on|||||&#8221; header_2_text_color=&#8221;#333333&#8243; header_2_font_size=&#8221;30px&#8221; header_2_line_height=&#8221;1.5em&#8221; header_3_font=&#8221;||||||||&#8221; header_4_font=&#8221;Montserrat|700||on|||||&#8221; header_4_text_color=&#8221;#000000&#8243; header_4_font_size=&#8221;15px&#8221; header_4_letter_spacing=&#8221;2px&#8221; header_4_line_height=&#8221;1.6em&#8221; background_color=&#8221;#d6d6d6&#8243; min_height=&#8221;100px&#8221; custom_margin=&#8221;||0px||false|false&#8221; custom_margin_tablet=&#8221;20px||0px|0px&#8221; custom_padding=&#8221;40px|40px|40px|40px|true|true&#8221; header_2_font_size_tablet=&#8221;30px&#8221; header_2_font_size_phone=&#8221;20px&#8221; header_2_font_size_last_edited=&#8221;on|phone&#8221; locked=&#8221;off&#8221;]<\/p>\n<h2>Alumiiniumi eelised<\/h2>\n<p>Alumiinium on maailmas enim kasutatud metall, mis peab ajale vastu, on kergesti hooldatav ja parim valik p\u00f5hjamaade ilmastikuoludes. Lisaks v\u00f5imaldab alumiinium arhitektuuriliselt v\u00e4ga laia viimistlusvalikut, tagades l\u00f5pptulemusena visuaalselt k\u00f5ige puhtama ja korrektsema pinna. Alumiiniumprofiilidest tooted on hooldusvabad, ega n\u00f5ua hiljem lisakulutusi.[\/et_pb_text][et_pb_image src=&#8221;https:\/\/nordprofiil.ee\/wp-content\/uploads\/2020\/04\/nordprofiil-logos-1024&#215;185.jpg&#8221; _builder_version=&#8221;4.4.2&#8243; custom_margin=&#8221;30px||||false|false&#8221;][\/et_pb_image][\/et_pb_column][et_pb_column type=&#8221;1_2&#8243; _builder_version=&#8221;3.25&#8243; custom_padding=&#8221;|||&#8221; custom_padding__hover=&#8221;|||&#8221;][et_pb_text admin_label=&#8221;Hooldusvabad&#8221; _builder_version=&#8221;4.4.2&#8243; text_font=&#8221;||||||||&#8221; text_font_size=&#8221;16px&#8221; text_line_height=&#8221;2em&#8221; header_font=&#8221;||||||||&#8221; header_2_font=&#8221;Montserrat|800|||||||&#8221; header_2_font_size=&#8221;30px&#8221; header_2_line_height=&#8221;1.5em&#8221; header_3_font=&#8221;||||||||&#8221; header_4_font=&#8221;Montserrat|700||on|||||&#8221; header_4_text_color=&#8221;rgba(255,255,255,0.4)&#8221; header_4_font_size=&#8221;15px&#8221; header_4_letter_spacing=&#8221;2px&#8221; header_4_line_height=&#8221;1.6em&#8221; background_color=&#8221;#084666&#8243; background_layout=&#8221;dark&#8221; custom_margin_tablet=&#8221;20px||0px|0px&#8221; custom_padding=&#8221;40px|40px|40px|40px|true|true&#8221; header_2_font_size_tablet=&#8221;30px&#8221; header_2_font_size_phone=&#8221;20px&#8221; header_2_font_size_last_edited=&#8221;on|phone&#8221; locked=&#8221;off&#8221;]<\/p>\n<blockquote>\n<p>Kasutades oma toodetes klaasi ja alumiiniumi kombinatsiooni, on tulemus k\u00f5rgkvaliteetsed ja arhitektuurset silmailu pakkuvad tooted:<\/p>\n<\/blockquote>\n<ul>\n<li>Alumiiniumuksed<\/li>\n<li>Alumiiniumaknad<\/li>\n<li>Alumiiniumist t\u00f5st-liuguksed<\/li>\n<li>Klaasfassaadid<\/li>\n<li>Alumiiniumist tulet\u00f5kkeuksed, -aknad ja -klaasseinad<\/li>\n<\/ul>\n<p>[\/et_pb_text][\/et_pb_column][\/et_pb_row][\/et_pb_section]<\/p>\n","protected":false},"excerpt":{"rendered":"<p>Ettev\u00f5ttestNordprofiil O\u00dc tegeleb klaas-alumiinium konstruktsioonide tootmise ja paigaldamisega. Meie meeskonnal on selles valdkonnas pikaaegsed kogemused. Toodete valmistamisel kasutame vaid k\u00f5ige uudsemaid ja kvaliteetsemaid materjale. Pakume l\u00f5pptarbijale kvaliteetset teenust konsultatsioonist ja projekteerimisest soovitud l\u00f5pptulemuseni. Kasutame t\u00e4nap\u00e4evaseid alumiiniumprofiilide t\u00f6\u00f6tlemiseks m\u00f5eldud seadmeid, mille abil saame teha ka v\u00e4ga keerukaid t\u00f6id.Meie missioon Muudame Teie unistuste ruumid reaalsuseks meie klaas-alumiinium [&hellip;]<\/p>\n","protected":false},"author":1,"featured_media":0,"parent":0,"menu_order":0,"comment_status":"closed","ping_status":"closed","template":"","meta":{"_et_pb_use_builder":"on","_et_pb_old_content":"","_et_gb_content_width":"","footnotes":""},"class_list":["post-891","page","type-page","status-publish","hentry"],"yoast_head":"<!-- This site is optimized with the Yoast SEO plugin v27.4 - https:\/\/yoast.com\/product\/yoast-seo-wordpress\/ -->\n<title>About us - Nordprofiil<\/title>\n<meta name=\"robots\" content=\"index, follow, max-snippet:-1, max-image-preview:large, max-video-preview:-1\" \/>\n<link rel=\"canonical\" href=\"https:\/\/nordprofiil.ee\/en\/about-us\/\" \/>\n<meta property=\"og:locale\" content=\"en_US\" \/>\n<meta property=\"og:type\" content=\"article\" \/>\n<meta property=\"og:title\" content=\"About us - Nordprofiil\" \/>\n<meta property=\"og:description\" content=\"Ettev\u00f5ttestNordprofiil O\u00dc tegeleb klaas-alumiinium konstruktsioonide tootmise ja paigaldamisega. Meie meeskonnal on selles valdkonnas pikaaegsed kogemused. Toodete valmistamisel kasutame vaid k\u00f5ige uudsemaid ja kvaliteetsemaid materjale. Pakume l\u00f5pptarbijale kvaliteetset teenust konsultatsioonist ja projekteerimisest soovitud l\u00f5pptulemuseni. Kasutame t\u00e4nap\u00e4evaseid alumiiniumprofiilide t\u00f6\u00f6tlemiseks m\u00f5eldud seadmeid, mille abil saame teha ka v\u00e4ga keerukaid t\u00f6id.Meie missioon Muudame Teie unistuste ruumid reaalsuseks meie klaas-alumiinium [&hellip;]\" \/>\n<meta property=\"og:url\" content=\"https:\/\/nordprofiil.ee\/en\/about-us\/\" \/>\n<meta property=\"og:site_name\" content=\"Nordprofiil\" \/>\n<meta property=\"article:modified_time\" content=\"2020-04-17T18:38:55+00:00\" \/>\n<meta name=\"twitter:card\" content=\"summary_large_image\" \/>\n<meta name=\"twitter:label1\" content=\"Est. reading time\" \/>\n\t<meta name=\"twitter:data1\" content=\"5 minutes\" \/>\n<script type=\"application\/ld+json\" class=\"yoast-schema-graph\">{\"@context\":\"https:\\\/\\\/schema.org\",\"@graph\":[{\"@type\":\"WebPage\",\"@id\":\"https:\\\/\\\/nordprofiil.ee\\\/en\\\/about-us\\\/\",\"url\":\"https:\\\/\\\/nordprofiil.ee\\\/en\\\/about-us\\\/\",\"name\":\"About us - Nordprofiil\",\"isPartOf\":{\"@id\":\"https:\\\/\\\/nordprofiil.ee\\\/en\\\/#website\"},\"datePublished\":\"2020-04-17T11:36:17+00:00\",\"dateModified\":\"2020-04-17T18:38:55+00:00\",\"breadcrumb\":{\"@id\":\"https:\\\/\\\/nordprofiil.ee\\\/en\\\/about-us\\\/#breadcrumb\"},\"inLanguage\":\"en-US\",\"potentialAction\":[{\"@type\":\"ReadAction\",\"target\":[\"https:\\\/\\\/nordprofiil.ee\\\/en\\\/about-us\\\/\"]}]},{\"@type\":\"BreadcrumbList\",\"@id\":\"https:\\\/\\\/nordprofiil.ee\\\/en\\\/about-us\\\/#breadcrumb\",\"itemListElement\":[{\"@type\":\"ListItem\",\"position\":1,\"name\":\"Home\",\"item\":\"https:\\\/\\\/nordprofiil.ee\\\/en\\\/\"},{\"@type\":\"ListItem\",\"position\":2,\"name\":\"About us\"}]},{\"@type\":\"WebSite\",\"@id\":\"https:\\\/\\\/nordprofiil.ee\\\/en\\\/#website\",\"url\":\"https:\\\/\\\/nordprofiil.ee\\\/en\\\/\",\"name\":\"Nordprofiil\",\"description\":\"Alumiiniumaknad ja -uksed\",\"potentialAction\":[{\"@type\":\"SearchAction\",\"target\":{\"@type\":\"EntryPoint\",\"urlTemplate\":\"https:\\\/\\\/nordprofiil.ee\\\/en\\\/?s={search_term_string}\"},\"query-input\":{\"@type\":\"PropertyValueSpecification\",\"valueRequired\":true,\"valueName\":\"search_term_string\"}}],\"inLanguage\":\"en-US\"}]}<\/script>\n<!-- \/ Yoast SEO plugin. -->","yoast_head_json":{"title":"About us - Nordprofiil","robots":{"index":"index","follow":"follow","max-snippet":"max-snippet:-1","max-image-preview":"max-image-preview:large","max-video-preview":"max-video-preview:-1"},"canonical":"https:\/\/nordprofiil.ee\/en\/about-us\/","og_locale":"en_US","og_type":"article","og_title":"About us - Nordprofiil","og_description":"Ettev\u00f5ttestNordprofiil O\u00dc tegeleb klaas-alumiinium konstruktsioonide tootmise ja paigaldamisega. Meie meeskonnal on selles valdkonnas pikaaegsed kogemused. Toodete valmistamisel kasutame vaid k\u00f5ige uudsemaid ja kvaliteetsemaid materjale. Pakume l\u00f5pptarbijale kvaliteetset teenust konsultatsioonist ja projekteerimisest soovitud l\u00f5pptulemuseni. Kasutame t\u00e4nap\u00e4evaseid alumiiniumprofiilide t\u00f6\u00f6tlemiseks m\u00f5eldud seadmeid, mille abil saame teha ka v\u00e4ga keerukaid t\u00f6id.Meie missioon Muudame Teie unistuste ruumid reaalsuseks meie klaas-alumiinium [&hellip;]","og_url":"https:\/\/nordprofiil.ee\/en\/about-us\/","og_site_name":"Nordprofiil","article_modified_time":"2020-04-17T18:38:55+00:00","twitter_card":"summary_large_image","twitter_misc":{"Est. reading time":"5 minutes"},"schema":{"@context":"https:\/\/schema.org","@graph":[{"@type":"WebPage","@id":"https:\/\/nordprofiil.ee\/en\/about-us\/","url":"https:\/\/nordprofiil.ee\/en\/about-us\/","name":"About us - Nordprofiil","isPartOf":{"@id":"https:\/\/nordprofiil.ee\/en\/#website"},"datePublished":"2020-04-17T11:36:17+00:00","dateModified":"2020-04-17T18:38:55+00:00","breadcrumb":{"@id":"https:\/\/nordprofiil.ee\/en\/about-us\/#breadcrumb"},"inLanguage":"en-US","potentialAction":[{"@type":"ReadAction","target":["https:\/\/nordprofiil.ee\/en\/about-us\/"]}]},{"@type":"BreadcrumbList","@id":"https:\/\/nordprofiil.ee\/en\/about-us\/#breadcrumb","itemListElement":[{"@type":"ListItem","position":1,"name":"Home","item":"https:\/\/nordprofiil.ee\/en\/"},{"@type":"ListItem","position":2,"name":"About us"}]},{"@type":"WebSite","@id":"https:\/\/nordprofiil.ee\/en\/#website","url":"https:\/\/nordprofiil.ee\/en\/","name":"Nordprofiil","description":"Alumiiniumaknad ja -uksed","potentialAction":[{"@type":"SearchAction","target":{"@type":"EntryPoint","urlTemplate":"https:\/\/nordprofiil.ee\/en\/?s={search_term_string}"},"query-input":{"@type":"PropertyValueSpecification","valueRequired":true,"valueName":"search_term_string"}}],"inLanguage":"en-US"}]}},"_links":{"self":[{"href":"https:\/\/nordprofiil.ee\/en\/wp-json\/wp\/v2\/pages\/891","targetHints":{"allow":["GET"]}}],"collection":[{"href":"https:\/\/nordprofiil.ee\/en\/wp-json\/wp\/v2\/pages"}],"about":[{"href":"https:\/\/nordprofiil.ee\/en\/wp-json\/wp\/v2\/types\/page"}],"author":[{"embeddable":true,"href":"https:\/\/nordprofiil.ee\/en\/wp-json\/wp\/v2\/users\/1"}],"replies":[{"embeddable":true,"href":"https:\/\/nordprofiil.ee\/en\/wp-json\/wp\/v2\/comments?post=891"}],"version-history":[{"count":3,"href":"https:\/\/nordprofiil.ee\/en\/wp-json\/wp\/v2\/pages\/891\/revisions"}],"predecessor-version":[{"id":1098,"href":"https:\/\/nordprofiil.ee\/en\/wp-json\/wp\/v2\/pages\/891\/revisions\/1098"}],"wp:attachment":[{"href":"https:\/\/nordprofiil.ee\/en\/wp-json\/wp\/v2\/media?parent=891"}],"curies":[{"name":"wp","href":"https:\/\/api.w.org\/{rel}","templated":true}]}}